{"id":14,"date":"2022-07-15T10:19:19","date_gmt":"2022-07-15T08:19:19","guid":{"rendered":"http:\/\/okdzmbm.cluster030.hosting.ovh.net\/?page_id=14"},"modified":"2025-01-25T15:19:39","modified_gmt":"2025-01-25T14:19:39","slug":"powiat-kedzierzynsko-kozielski","status":"publish","type":"page","link":"https:\/\/oppen.edu.pl\/index.php\/powiat-kedzierzynsko-kozielski\/","title":{"rendered":"Powiat K\u0119dzierzy\u0144sko-Kozielski"},"content":{"rendered":"\t\t<div data-elementor-type=\"wp-page\" data-elementor-id=\"14\" class=\"elementor elementor-14\">\n\t\t\t\t\t\t\t\t\t<section class=\"elementor-section elementor-top-section elementor-element elementor-element-a5d10cc elementor-section-boxed elementor-section-height-default elementor-section-height-default\" data-id=\"a5d10cc\" data-element_type=\"section\">\n\t\t\t\t\t\t<div class=\"elementor-container elementor-column-gap-default\">\n\t\t\t\t\t<div class=\"elementor-column elementor-col-100 elementor-top-column elementor-element elementor-element-ecefbb3\" data-id=\"ecefbb3\" data-element_type=\"column\">\n\t\t\t<div class=\"elementor-widget-wrap elementor-element-populated\">\n\t\t\t\t\t\t\t\t<div class=\"elementor-element elementor-element-0e6e808 elementor-widget elementor-widget-page-title\" data-id=\"0e6e808\" data-element_type=\"widget\" data-settings=\"{&quot;align&quot;:&quot;center&quot;}\" data-widget_type=\"page-title.default\">\n\t\t\t\t<div class=\"elementor-widget-container\">\n\t\t\t\t\t\n\t\t<div class=\"hfe-page-title hfe-page-title-wrapper elementor-widget-heading\">\n\n\t\t\t\t\t\t\t\t\t\t\t<a href=\"https:\/\/oppen.edu.pl\">\n\t\t\t\t\t\t<h2 class=\"elementor-heading-title elementor-size-default\">\n\t\t\t\t\t\t\t\t\n\t\t\t\tPowiat K\u0119dzierzy\u0144sko-Kozielski  \n\t\t\t<\/h2 > \n\t\t\t\t\t\t\t\t\t<\/a>\n\t\t\t\t\t<\/div>\n\t\t\t\t<\/div>\n\t\t\t\t<\/div>\n\t\t\t\t\t<\/div>\n\t\t<\/div>\n\t\t\t\t\t\t\t<\/div>\n\t\t<\/section>\n\t\t\t\t<section class=\"elementor-section elementor-top-section elementor-element elementor-element-42e008d elementor-section-boxed elementor-section-height-default elementor-section-height-default\" data-id=\"42e008d\" data-element_type=\"section\">\n\t\t\t\t\t\t<div class=\"elementor-container elementor-column-gap-default\">\n\t\t\t\t\t<div class=\"elementor-column elementor-col-33 elementor-top-column elementor-element elementor-element-71c42f2\" data-id=\"71c42f2\" data-element_type=\"column\">\n\t\t\t<div class=\"elementor-widget-wrap elementor-element-populated\">\n\t\t\t\t\t\t\t\t<div class=\"elementor-element elementor-element-2020d46 elementor-widget elementor-widget-image\" data-id=\"2020d46\" data-element_type=\"widget\" data-widget_type=\"image.default\">\n\t\t\t\t<div class=\"elementor-widget-container\">\n\t\t\t<style>\/*! elementor - v3.6.7 - 03-07-2022 *\/\n.elementor-widget-image{text-align:center}.elementor-widget-image a{display:inline-block}.elementor-widget-image a img[src$=\".svg\"]{width:48px}.elementor-widget-image img{vertical-align:middle;display:inline-block}<\/style>\t\t\t\t\t\t\t\t\t\t\t\t<img loading=\"lazy\" decoding=\"async\" width=\"407\" height=\"459\" src=\"https:\/\/oppen.edu.pl\/wp-content\/uploads\/2022\/07\/obraz_2022-07-21_094824552.png\" class=\"attachment-medium_large size-medium_large\" alt=\"\" srcset=\"https:\/\/oppen.edu.pl\/wp-content\/uploads\/2022\/07\/obraz_2022-07-21_094824552.png 407w, https:\/\/oppen.edu.pl\/wp-content\/uploads\/2022\/07\/obraz_2022-07-21_094824552-266x300.png 266w\" sizes=\"auto, (max-width: 407px) 100vw, 407px\" \/>\t\t\t\t\t\t\t\t\t\t\t\t\t\t\t<\/div>\n\t\t\t\t<\/div>\n\t\t\t\t\t<\/div>\n\t\t<\/div>\n\t\t\t\t<div class=\"elementor-column elementor-col-33 elementor-top-column elementor-element elementor-element-20e0f02\" data-id=\"20e0f02\" data-element_type=\"column\">\n\t\t\t<div class=\"elementor-widget-wrap elementor-element-populated\">\n\t\t\t\t\t\t\t\t<div class=\"elementor-element elementor-element-19e92c2 elementor-widget elementor-widget-text-editor\" data-id=\"19e92c2\" data-element_type=\"widget\" data-widget_type=\"text-editor.default\">\n\t\t\t\t<div class=\"elementor-widget-container\">\n\t\t\t<style>\/*! elementor - v3.6.7 - 03-07-2022 *\/\n.elementor-widget-text-editor.elementor-drop-cap-view-stacked .elementor-drop-cap{background-color:#818a91;color:#fff}.elementor-widget-text-editor.elementor-drop-cap-view-framed .elementor-drop-cap{color:#818a91;border:3px solid;background-color:transparent}.elementor-widget-text-editor:not(.elementor-drop-cap-view-default) .elementor-drop-cap{margin-top:8px}.elementor-widget-text-editor:not(.elementor-drop-cap-view-default) .elementor-drop-cap-letter{width:1em;height:1em}.elementor-widget-text-editor .elementor-drop-cap{float:left;text-align:center;line-height:1;font-size:50px}.elementor-widget-text-editor .elementor-drop-cap-letter{display:inline-block}<\/style>\t\t\t\t<p>\u00a0<\/p><table width=\"645\" cellspacing=\"0\" cellpadding=\"7\"><tbody><tr><td><p align=\"left\"><strong>K\u0119dzierzyn-Ko\u017ale\u00a0 <\/strong><strong>&#8211; punkt nieodp\u0142atnej pomocy prawnej:<\/strong><\/p><p align=\"left\"><b style=\"font-size: 14px;\">poniedzia\u0142ki i wtorki: <\/b><span style=\"font-size: 14px;\">Powiatowe Centrum Pomocy Rodzinie,\u00a0<\/span><span style=\"font-size: 14px;\">ul. Skarbowa 4<\/span><\/p><p align=\"left\"><strong style=\"font-size: 14px;\">\u015brody, czwartki i pi\u0105tki: <\/strong><span style=\"font-size: 14px;\">Powiatowe Centrum Us\u0142ug Wsp\u00f3lnych,\u00a0<\/span><span style=\"font-size: 14px;\">ul. Konstantego Damrota 30<\/span><\/p><ul><li><a href=\"https:\/\/www.powiat.kedzierzyn-kozle.pl\/3730\/aktualnosci.html\">Odwied\u017a ich klikaj\u0105c tutaj !<\/a><\/li><\/ul><\/td><\/tr><\/tbody><\/table>\t\t\t\t\t\t<\/div>\n\t\t\t\t<\/div>\n\t\t\t\t\t<\/div>\n\t\t<\/div>\n\t\t\t\t<div class=\"elementor-column elementor-col-33 elementor-top-column elementor-element elementor-element-6c4c0e7\" data-id=\"6c4c0e7\" data-element_type=\"column\">\n\t\t\t<div class=\"elementor-widget-wrap elementor-element-populated\">\n\t\t\t\t\t\t\t\t<div class=\"elementor-element elementor-element-dc3627a ee-table--responsive ee-table-mobile-header--row elementor-widget elementor-widget-table\" data-id=\"dc3627a\" data-element_type=\"widget\" data-settings=\"{&quot;mobile_headers_auto&quot;:&quot;yes&quot;}\" data-widget_type=\"table.default\">\n\t\t\t\t<div class=\"elementor-widget-container\">\n\t\t\t\t\t\n\t\t<table class=\"ee-table ee-table--even ee-table--rules\">\n\n\t\t\t\t\t\t<colgroup>\n\t\t\t\t\t\t\t\t<col span=\"1\" class=\"elementor-repeater-item-e008ebd\">\n\t\t\t\t\t\t\t<\/colgroup>\n\t\t<thead>\n\t\t\t<tr class=\"ee-table__row\">\n\n\t\t\t<th class=\"ee-table__cell elementor-repeater-item-1947d6a\">\n\t\t\t\t\t<span class=\"ee-table__text\"><span class=\"ee-table__text__inner\">Dzie\u0144 tygodnia<\/span>\n\n\t\t\t\t\t\t\n\t\t\t\t\t<\/span>\n\t\t\t\t<\/th>\n\n\t\t\t<th class=\"ee-table__cell elementor-repeater-item-6237f74\">\n\t\t\t\t\t<span class=\"ee-table__text\"><span class=\"ee-table__text__inner\">Godzina<\/span>\n\n\t\t\t\t\t\t\n\t\t\t\t\t<\/span>\n\t\t\t\t<\/th>\n\n\t\t\t\t\t\t<\/tr>\n\t\t<\/thead><tbody><tr class=\"ee-table__row elementor-repeater-item-b1b591f\">\n\t\t<td class=\"ee-table__cell elementor-repeater-item-71ac7dd\" data-title=\"Dzie\u0144 tygodnia\">\n\t\t\t<span class=\"ee-table__text\"><span class=\"ee-table__text__inner\">Poniedzia\u0142ek<\/span>\n\n\t\t\t<\/span>\n\t\t<\/td><td class=\"ee-table__cell elementor-repeater-item-4c96ed1\" data-title=\"Godzina\">\n\t\t\t<span class=\"ee-table__text\"><span class=\"ee-table__text__inner\">12:00-16:00<\/span>\n\n\t\t\t<\/span>\n\t\t<\/td><\/tr><tr class=\"ee-table__row elementor-repeater-item-7d3e857\">\n\n\t\t<td class=\"ee-table__cell elementor-repeater-item-9a7d54d\" data-title=\"Dzie\u0144 tygodnia\">\n\t\t\t<span class=\"ee-table__text\"><span class=\"ee-table__text__inner\">Wtorek<\/span>\n\n\t\t\t<\/span>\n\t\t<\/td><td class=\"ee-table__cell elementor-repeater-item-79b7233\" data-title=\"Godzina\">\n\t\t\t<span class=\"ee-table__text\"><span class=\"ee-table__text__inner\">12:00-16:00<\/span>\n\n\t\t\t<\/span>\n\t\t<\/td><\/tr><tr class=\"ee-table__row elementor-repeater-item-7dcc3f3\">\n\n\t\t<td class=\"ee-table__cell elementor-repeater-item-1516bd9\" data-title=\"Dzie\u0144 tygodnia\">\n\t\t\t<span class=\"ee-table__text\"><span class=\"ee-table__text__inner\">\u015aroda<\/span>\n\n\t\t\t<\/span>\n\t\t<\/td><td class=\"ee-table__cell elementor-repeater-item-908e15f\" data-title=\"Godzina\">\n\t\t\t<span class=\"ee-table__text\"><span class=\"ee-table__text__inner\">08:00-12:00<\/span>\n\n\t\t\t<\/span>\n\t\t<\/td><\/tr><tr class=\"ee-table__row elementor-repeater-item-8bc2a61\">\n\n\t\t<td class=\"ee-table__cell elementor-repeater-item-8c535f2\" data-title=\"Dzie\u0144 tygodnia\">\n\t\t\t<span class=\"ee-table__text\"><span class=\"ee-table__text__inner\">Czwartek<\/span>\n\n\t\t\t<\/span>\n\t\t<\/td><td class=\"ee-table__cell elementor-repeater-item-5e524ab\" data-title=\"Godzina\">\n\t\t\t<span class=\"ee-table__text\"><span class=\"ee-table__text__inner\">08:00-12:00<\/span>\n\n\t\t\t<\/span>\n\t\t<\/td><\/tr><tr class=\"ee-table__row elementor-repeater-item-f80a865\">\n\n\t\t<td class=\"ee-table__cell elementor-repeater-item-57a1f29\" data-title=\"Dzie\u0144 tygodnia\">\n\t\t\t<span class=\"ee-table__text\"><span class=\"ee-table__text__inner\">Pi\u0105tek<\/span>\n\n\t\t\t<\/span>\n\t\t<\/td><td class=\"ee-table__cell elementor-repeater-item-c5426d3\" data-title=\"Godzina\">\n\t\t\t<span class=\"ee-table__text\"><span class=\"ee-table__text__inner\">08:00-12:00<\/span>\n\n\t\t\t<\/span>\n\t\t<\/td><\/tr>\n\t\t\t<\/tbody>\n\t\t<\/table>\n\n\t\t\t\t<\/div>\n\t\t\t\t<\/div>\n\t\t\t\t\t<\/div>\n\t\t<\/div>\n\t\t\t\t\t\t\t<\/div>\n\t\t<\/section>\n\t\t\t\t<section class=\"elementor-section elementor-top-section elementor-element elementor-element-d87ef8f elementor-section-boxed elementor-section-height-default elementor-section-height-default\" data-id=\"d87ef8f\" data-element_type=\"section\">\n\t\t\t\t\t\t<div class=\"elementor-container elementor-column-gap-default\">\n\t\t\t\t\t<div class=\"elementor-column elementor-col-100 elementor-top-column elementor-element elementor-element-9879c57\" data-id=\"9879c57\" data-element_type=\"column\">\n\t\t\t<div class=\"elementor-widget-wrap elementor-element-populated\">\n\t\t\t\t\t\t\t\t<div class=\"elementor-element elementor-element-95fe43a elementor-widget elementor-widget-google_maps\" data-id=\"95fe43a\" data-element_type=\"widget\" data-widget_type=\"google_maps.default\">\n\t\t\t\t<div class=\"elementor-widget-container\">\n\t\t\t<style>\/*! elementor - v3.6.7 - 03-07-2022 *\/\n.elementor-widget-google_maps .elementor-widget-container{overflow:hidden}.elementor-widget-google_maps iframe{height:300px}<\/style>\t\t<div class=\"elementor-custom-embed\">\n\t\t\t<iframe frameborder=\"0\" scrolling=\"no\" marginheight=\"0\" marginwidth=\"0\"\n\t\t\t\t\tsrc=\"https:\/\/maps.google.com\/maps?q=Skarbowa%204%2C%20K%C4%99dzierzyn%20Ko%C5%BAle&#038;t=m&#038;z=15&#038;output=embed&#038;iwloc=near\"\n\t\t\t\t\ttitle=\"Skarbowa 4, K\u0119dzierzyn Ko\u017ale\"\n\t\t\t\t\taria-label=\"Skarbowa 4, K\u0119dzierzyn Ko\u017ale\"\n\t\t\t><\/iframe>\n\t\t<\/div>\n\t\t\t\t<\/div>\n\t\t\t\t<\/div>\n\t\t\t\t\t<\/div>\n\t\t<\/div>\n\t\t\t\t\t\t\t<\/div>\n\t\t<\/section>\n\t\t\t\t<section class=\"elementor-section elementor-top-section elementor-element elementor-element-fae7d83 elementor-section-boxed elementor-section-height-default elementor-section-height-default\" data-id=\"fae7d83\" data-element_type=\"section\">\n\t\t\t\t\t\t<div class=\"elementor-container elementor-column-gap-default\">\n\t\t\t\t\t<div class=\"elementor-column elementor-col-100 elementor-top-column elementor-element elementor-element-eb40b35\" data-id=\"eb40b35\" data-element_type=\"column\">\n\t\t\t<div class=\"elementor-widget-wrap elementor-element-populated\">\n\t\t\t\t\t\t\t\t<div class=\"elementor-element elementor-element-4f4711d elementor-widget elementor-widget-google_maps\" data-id=\"4f4711d\" data-element_type=\"widget\" data-widget_type=\"google_maps.default\">\n\t\t\t\t<div class=\"elementor-widget-container\">\n\t\t\t\t\t<div class=\"elementor-custom-embed\">\n\t\t\t<iframe frameborder=\"0\" scrolling=\"no\" marginheight=\"0\" marginwidth=\"0\"\n\t\t\t\t\tsrc=\"https:\/\/maps.google.com\/maps?q=damrota%2030%2C%20K%C4%99dzierzyn-ko%C5%BAle&#038;t=m&#038;z=16&#038;output=embed&#038;iwloc=near\"\n\t\t\t\t\ttitle=\"damrota 30, K\u0119dzierzyn-ko\u017ale\"\n\t\t\t\t\taria-label=\"damrota 30, K\u0119dzierzyn-ko\u017ale\"\n\t\t\t><\/iframe>\n\t\t<\/div>\n\t\t\t\t<\/div>\n\t\t\t\t<\/div>\n\t\t\t\t\t<\/div>\n\t\t<\/div>\n\t\t\t\t\t\t\t<\/div>\n\t\t<\/section>\n\t\t\t\t\t\t\t<\/div>\n\t\t","protected":false},"excerpt":{"rendered":"<p>Powiat K\u0119dzierzy\u0144sko-Kozielski \u00a0 K\u0119dzierzyn-Ko\u017ale\u00a0 &#8211; punkt nieodp\u0142atnej pomocy prawnej: poniedzia\u0142ki i wtorki: Powiatowe Centrum Pomocy Rodzinie,\u00a0ul. Skarbowa 4 \u015brody, czwartki i pi\u0105tki: Powiatowe Centrum Us\u0142ug Wsp\u00f3lnych,\u00a0ul. Konstantego Damrota 30 Odwied\u017a ich klikaj\u0105c tutaj ! Dzie\u0144 tygodnia Godzina Poniedzia\u0142ek 12:00-16:00 Wtorek 12:00-16:00 \u015aroda 08:00-12:00 Czwartek 08:00-12:00 Pi\u0105tek 08:00-12:00<\/p>\n","protected":false},"author":1,"featured_media":417,"parent":0,"menu_order":0,"comment_status":"closed","ping_status":"closed","template":"","meta":{"_editorskit_title_hidden":false,"_editorskit_reading_time":0,"_editorskit_is_block_options_detached":false,"_editorskit_block_options_position":"{}","_eb_attr":"","footnotes":""},"class_list":["post-14","page","type-page","status-publish","has-post-thumbnail","hentry","entry","has-media"],"_links":{"self":[{"href":"https:\/\/oppen.edu.pl\/index.php\/wp-json\/wp\/v2\/pages\/14","targetHints":{"allow":["GET"]}}],"collection":[{"href":"https:\/\/oppen.edu.pl\/index.php\/wp-json\/wp\/v2\/pages"}],"about":[{"href":"https:\/\/oppen.edu.pl\/index.php\/wp-json\/wp\/v2\/types\/page"}],"author":[{"embeddable":true,"href":"https:\/\/oppen.edu.pl\/index.php\/wp-json\/wp\/v2\/users\/1"}],"replies":[{"embeddable":true,"href":"https:\/\/oppen.edu.pl\/index.php\/wp-json\/wp\/v2\/comments?post=14"}],"version-history":[{"count":31,"href":"https:\/\/oppen.edu.pl\/index.php\/wp-json\/wp\/v2\/pages\/14\/revisions"}],"predecessor-version":[{"id":1581,"href":"https:\/\/oppen.edu.pl\/index.php\/wp-json\/wp\/v2\/pages\/14\/revisions\/1581"}],"wp:featuredmedia":[{"embeddable":true,"href":"https:\/\/oppen.edu.pl\/index.php\/wp-json\/wp\/v2\/media\/417"}],"wp:attachment":[{"href":"https:\/\/oppen.edu.pl\/index.php\/wp-json\/wp\/v2\/media?parent=14"}],"curies":[{"name":"wp","href":"https:\/\/api.w.org\/{rel}","templated":true}]}}