{"id":15,"date":"2022-07-15T10:19:19","date_gmt":"2022-07-15T08:19:19","guid":{"rendered":"http:\/\/okdzmbm.cluster030.hosting.ovh.net\/?page_id=15"},"modified":"2023-02-01T18:57:23","modified_gmt":"2023-02-01T17:57:23","slug":"powiat-oleski","status":"publish","type":"page","link":"https:\/\/oppen.edu.pl\/index.php\/powiat-oleski\/","title":{"rendered":"Powiat Oleski"},"content":{"rendered":"\t\t<div data-elementor-type=\"wp-page\" data-elementor-id=\"15\" class=\"elementor elementor-15\">\n\t\t\t\t\t\t\t\t\t<section class=\"elementor-section elementor-top-section elementor-element elementor-element-8ff43f5 elementor-section-boxed elementor-section-height-default elementor-section-height-default\" data-id=\"8ff43f5\" data-element_type=\"section\">\n\t\t\t\t\t\t<div class=\"elementor-container elementor-column-gap-default\">\n\t\t\t\t\t<div class=\"elementor-column elementor-col-33 elementor-top-column elementor-element elementor-element-f7eb323\" data-id=\"f7eb323\" data-element_type=\"column\">\n\t\t\t<div class=\"elementor-widget-wrap elementor-element-populated\">\n\t\t\t\t\t\t\t\t<div class=\"elementor-element elementor-element-cb646ca elementor-widget elementor-widget-image\" data-id=\"cb646ca\" data-element_type=\"widget\" data-widget_type=\"image.default\">\n\t\t\t\t<div class=\"elementor-widget-container\">\n\t\t\t<style>\/*! elementor - v3.6.7 - 03-07-2022 *\/\n.elementor-widget-image{text-align:center}.elementor-widget-image a{display:inline-block}.elementor-widget-image a img[src$=\".svg\"]{width:48px}.elementor-widget-image img{vertical-align:middle;display:inline-block}<\/style>\t\t\t\t\t\t\t\t\t\t\t\t<img loading=\"lazy\" decoding=\"async\" width=\"289\" height=\"329\" src=\"https:\/\/oppen.edu.pl\/wp-content\/uploads\/2022\/07\/obraz_2022-07-21_104312906.png\" class=\"attachment-large size-large\" alt=\"\" srcset=\"https:\/\/oppen.edu.pl\/wp-content\/uploads\/2022\/07\/obraz_2022-07-21_104312906.png 289w, https:\/\/oppen.edu.pl\/wp-content\/uploads\/2022\/07\/obraz_2022-07-21_104312906-264x300.png 264w\" sizes=\"auto, (max-width: 289px) 100vw, 289px\" \/>\t\t\t\t\t\t\t\t\t\t\t\t\t\t\t<\/div>\n\t\t\t\t<\/div>\n\t\t\t\t\t<\/div>\n\t\t<\/div>\n\t\t\t\t<div class=\"elementor-column elementor-col-33 elementor-top-column elementor-element elementor-element-8bfb6fe\" data-id=\"8bfb6fe\" data-element_type=\"column\">\n\t\t\t<div class=\"elementor-widget-wrap elementor-element-populated\">\n\t\t\t\t\t\t\t\t<div class=\"elementor-element elementor-element-e6ca1de elementor-widget elementor-widget-text-editor\" data-id=\"e6ca1de\" data-element_type=\"widget\" data-widget_type=\"text-editor.default\">\n\t\t\t\t<div class=\"elementor-widget-container\">\n\t\t\t<style>\/*! elementor - v3.6.7 - 03-07-2022 *\/\n.elementor-widget-text-editor.elementor-drop-cap-view-stacked .elementor-drop-cap{background-color:#818a91;color:#fff}.elementor-widget-text-editor.elementor-drop-cap-view-framed .elementor-drop-cap{color:#818a91;border:3px solid;background-color:transparent}.elementor-widget-text-editor:not(.elementor-drop-cap-view-default) .elementor-drop-cap{margin-top:8px}.elementor-widget-text-editor:not(.elementor-drop-cap-view-default) .elementor-drop-cap-letter{width:1em;height:1em}.elementor-widget-text-editor .elementor-drop-cap{float:left;text-align:center;line-height:1;font-size:50px}.elementor-widget-text-editor .elementor-drop-cap-letter{display:inline-block}<\/style>\t\t\t\t<table width=\"645\" cellspacing=\"0\" cellpadding=\"7\"><tbody><tr><td><p align=\"left\"><strong>Olesno <\/strong><strong>&#8211;<\/strong><b style=\"font-size: 14px; color: var( --e-global-color-text );\"><span style=\"font-size: 10.0pt; mso-bidi-font-family: Calibri; mso-font-kerning: 0pt;\">\u00a0punkt nieodp\u0142atnego poradnictwa obywatelskiego <\/span><\/b><span style=\"color: var( --e-global-color-text ); font-size: 10pt;\">\u2013 w poniedzia\u0142ek, wtorek i co drugi pi\u0105tek;<br \/><\/span><b style=\"font-size: 14px; color: var( --e-global-color-text );\"><span style=\"font-size: 10.0pt; mso-bidi-font-family: Calibri; mso-font-kerning: 0pt;\">&#8211; punkt nieodp\u0142atnej pomocy prawnej <\/span><\/b><span style=\"color: var( --e-global-color-text ); font-size: 10pt;\">\u2013 w \u015brod\u0119, czwartek\u00a0<\/span><span style=\"color: var( --e-global-color-text ); font-size: 10pt;\">i co drugi pi\u0105tek.<\/span><span style=\"color: var( --e-global-color-text ); font-size: 10pt;\"><br \/><\/span><\/p><p align=\"left\"><strong style=\"font-size: 14px; color: var( --e-global-color-text );\">Dom Harcerza,<\/strong><span style=\"font-size: 14px; color: var( --e-global-color-text );\"> ul. Krasickiego 22<\/span><\/p><ul><li><strong><a href=\"https:\/\/samorzad.gov.pl\/web\/powiat-oleski\/\">Odwied\u017a ich tutaj !\u00a0<\/a><\/strong><\/li><\/ul><\/td><\/tr><\/tbody><\/table>\t\t\t\t\t\t<\/div>\n\t\t\t\t<\/div>\n\t\t\t\t\t<\/div>\n\t\t<\/div>\n\t\t\t\t<div class=\"elementor-column elementor-col-33 elementor-top-column elementor-element elementor-element-be94b58\" data-id=\"be94b58\" data-element_type=\"column\">\n\t\t\t<div class=\"elementor-widget-wrap elementor-element-populated\">\n\t\t\t\t\t\t\t\t<div class=\"elementor-element elementor-element-aa0d176 ee-table--responsive ee-table-mobile-header--row elementor-widget elementor-widget-table\" data-id=\"aa0d176\" data-element_type=\"widget\" data-settings=\"{&quot;mobile_headers_auto&quot;:&quot;yes&quot;}\" data-widget_type=\"table.default\">\n\t\t\t\t<div class=\"elementor-widget-container\">\n\t\t\t\t\t\n\t\t<table class=\"ee-table ee-table--even ee-table--rules\">\n\n\t\t\t\t\t\t<colgroup>\n\t\t\t\t\t\t\t\t<col span=\"1\" class=\"elementor-repeater-item-11b6bf5\">\n\t\t\t\t\t\t\t<\/colgroup>\n\t\t<thead>\n\t\t\t<tr class=\"ee-table__row\">\n\n\t\t\t<th class=\"ee-table__cell elementor-repeater-item-08b3dfd\">\n\t\t\t\t\t<span class=\"ee-table__text\"><span class=\"ee-table__text__inner\">Dzie\u0144 tygodnia<\/span>\n\n\t\t\t\t\t\t\n\t\t\t\t\t<\/span>\n\t\t\t\t<\/th>\n\n\t\t\t<th class=\"ee-table__cell elementor-repeater-item-ff1a4ab\">\n\t\t\t\t\t<span class=\"ee-table__text\"><span class=\"ee-table__text__inner\">Godzina<\/span>\n\n\t\t\t\t\t\t\n\t\t\t\t\t<\/span>\n\t\t\t\t<\/th>\n\n\t\t\t\t\t\t<\/tr>\n\t\t<\/thead><tbody><tr class=\"ee-table__row elementor-repeater-item-6173537\">\n\t\t<td class=\"ee-table__cell elementor-repeater-item-289f5cd\" data-title=\"Dzie\u0144 tygodnia\">\n\t\t\t<span class=\"ee-table__text\"><span class=\"ee-table__text__inner\">Poniedzia\u0142ek<\/span>\n\n\t\t\t<\/span>\n\t\t<\/td><td class=\"ee-table__cell elementor-repeater-item-eba3cd4\" data-title=\"Godzina\">\n\t\t\t<span class=\"ee-table__text\"><span class=\"ee-table__text__inner\">14:00-18:00<\/span>\n\n\t\t\t<\/span>\n\t\t<\/td><\/tr><tr class=\"ee-table__row elementor-repeater-item-116dd9a\">\n\n\t\t<td class=\"ee-table__cell elementor-repeater-item-a427513\" data-title=\"Dzie\u0144 tygodnia\">\n\t\t\t<span class=\"ee-table__text\"><span class=\"ee-table__text__inner\">Wtorek<\/span>\n\n\t\t\t<\/span>\n\t\t<\/td><td class=\"ee-table__cell elementor-repeater-item-4eba9df\" data-title=\"Godzina\">\n\t\t\t<span class=\"ee-table__text\"><span class=\"ee-table__text__inner\">8:00-12:00<\/span>\n\n\t\t\t<\/span>\n\t\t<\/td><\/tr><tr class=\"ee-table__row elementor-repeater-item-971afd9\">\n\n\t\t<td class=\"ee-table__cell elementor-repeater-item-af58f9c\" data-title=\"Dzie\u0144 tygodnia\">\n\t\t\t<span class=\"ee-table__text\"><span class=\"ee-table__text__inner\">\u015aroda<\/span>\n\n\t\t\t<\/span>\n\t\t<\/td><td class=\"ee-table__cell elementor-repeater-item-2272f83\" data-title=\"Godzina\">\n\t\t\t<span class=\"ee-table__text\"><span class=\"ee-table__text__inner\">14:00-18:00<\/span>\n\n\t\t\t<\/span>\n\t\t<\/td><\/tr><tr class=\"ee-table__row elementor-repeater-item-d94dcea\">\n\n\t\t<td class=\"ee-table__cell elementor-repeater-item-f54bd61\" data-title=\"Dzie\u0144 tygodnia\">\n\t\t\t<span class=\"ee-table__text\"><span class=\"ee-table__text__inner\">Czwartek<\/span>\n\n\t\t\t<\/span>\n\t\t<\/td><td class=\"ee-table__cell elementor-repeater-item-8c86836\" data-title=\"Godzina\">\n\t\t\t<span class=\"ee-table__text\"><span class=\"ee-table__text__inner\">8:00-12:00<\/span>\n\n\t\t\t<\/span>\n\t\t<\/td><\/tr><tr class=\"ee-table__row elementor-repeater-item-98f668b\">\n\n\t\t<td class=\"ee-table__cell elementor-repeater-item-4942a4b\" data-title=\"Dzie\u0144 tygodnia\">\n\t\t\t<span class=\"ee-table__text\"><span class=\"ee-table__text__inner\">Pi\u0105tek<\/span>\n\n\t\t\t<\/span>\n\t\t<\/td><td class=\"ee-table__cell elementor-repeater-item-73062b4\" data-title=\"Godzina\">\n\t\t\t<span class=\"ee-table__text\"><span class=\"ee-table__text__inner\">8:00-12:00<\/span>\n\n\t\t\t<\/span>\n\t\t<\/td><\/tr>\n\t\t\t<\/tbody>\n\t\t<\/table>\n\n\t\t\t\t<\/div>\n\t\t\t\t<\/div>\n\t\t\t\t\t<\/div>\n\t\t<\/div>\n\t\t\t\t\t\t\t<\/div>\n\t\t<\/section>\n\t\t\t\t<section class=\"elementor-section elementor-top-section elementor-element elementor-element-446264f elementor-section-boxed elementor-section-height-default elementor-section-height-default\" data-id=\"446264f\" data-element_type=\"section\">\n\t\t\t\t\t\t<div class=\"elementor-container elementor-column-gap-default\">\n\t\t\t\t\t<div class=\"elementor-column elementor-col-100 elementor-top-column elementor-element elementor-element-ab633c1\" data-id=\"ab633c1\" data-element_type=\"column\">\n\t\t\t<div class=\"elementor-widget-wrap elementor-element-populated\">\n\t\t\t\t\t\t\t\t<div class=\"elementor-element elementor-element-23322f9 elementor-widget elementor-widget-google_maps\" data-id=\"23322f9\" data-element_type=\"widget\" data-widget_type=\"google_maps.default\">\n\t\t\t\t<div class=\"elementor-widget-container\">\n\t\t\t<style>\/*! elementor - v3.6.7 - 03-07-2022 *\/\n.elementor-widget-google_maps .elementor-widget-container{overflow:hidden}.elementor-widget-google_maps iframe{height:300px}<\/style>\t\t<div class=\"elementor-custom-embed\">\n\t\t\t<iframe frameborder=\"0\" scrolling=\"no\" marginheight=\"0\" marginwidth=\"0\"\n\t\t\t\t\tsrc=\"https:\/\/maps.google.com\/maps?q=ul.%20Krasickiego%2022%20Olesno&#038;t=m&#038;z=15&#038;output=embed&#038;iwloc=near\"\n\t\t\t\t\ttitle=\"ul. Krasickiego 22 Olesno\"\n\t\t\t\t\taria-label=\"ul. Krasickiego 22 Olesno\"\n\t\t\t><\/iframe>\n\t\t<\/div>\n\t\t\t\t<\/div>\n\t\t\t\t<\/div>\n\t\t\t\t\t<\/div>\n\t\t<\/div>\n\t\t\t\t\t\t\t<\/div>\n\t\t<\/section>\n\t\t\t\t\t\t\t<\/div>\n\t\t","protected":false},"excerpt":{"rendered":"<p>Olesno &#8211;\u00a0punkt nieodp\u0142atnego poradnictwa obywatelskiego \u2013 w poniedzia\u0142ek, wtorek i co drugi pi\u0105tek;&#8211; punkt nieodp\u0142atnej pomocy prawnej \u2013 w \u015brod\u0119, czwartek\u00a0i co drugi pi\u0105tek. Dom Harcerza, ul. Krasickiego 22 Odwied\u017a ich tutaj !\u00a0 Dzie\u0144 tygodnia Godzina Poniedzia\u0142ek 14:00-18:00 Wtorek 8:00-12:00 \u015aroda 14:00-18:00 Czwartek 8:00-12:00 Pi\u0105tek 8:00-12:00<\/p>\n","protected":false},"author":1,"featured_media":432,"parent":0,"menu_order":0,"comment_status":"closed","ping_status":"closed","template":"","meta":{"_editorskit_title_hidden":false,"_editorskit_reading_time":0,"_editorskit_is_block_options_detached":false,"_editorskit_block_options_position":"{}","_eb_attr":"","footnotes":""},"class_list":["post-15","page","type-page","status-publish","has-post-thumbnail","hentry","entry","has-media"],"_links":{"self":[{"href":"https:\/\/oppen.edu.pl\/index.php\/wp-json\/wp\/v2\/pages\/15","targetHints":{"allow":["GET"]}}],"collection":[{"href":"https:\/\/oppen.edu.pl\/index.php\/wp-json\/wp\/v2\/pages"}],"about":[{"href":"https:\/\/oppen.edu.pl\/index.php\/wp-json\/wp\/v2\/types\/page"}],"author":[{"embeddable":true,"href":"https:\/\/oppen.edu.pl\/index.php\/wp-json\/wp\/v2\/users\/1"}],"replies":[{"embeddable":true,"href":"https:\/\/oppen.edu.pl\/index.php\/wp-json\/wp\/v2\/comments?post=15"}],"version-history":[{"count":16,"href":"https:\/\/oppen.edu.pl\/index.php\/wp-json\/wp\/v2\/pages\/15\/revisions"}],"predecessor-version":[{"id":1226,"href":"https:\/\/oppen.edu.pl\/index.php\/wp-json\/wp\/v2\/pages\/15\/revisions\/1226"}],"wp:featuredmedia":[{"embeddable":true,"href":"https:\/\/oppen.edu.pl\/index.php\/wp-json\/wp\/v2\/media\/432"}],"wp:attachment":[{"href":"https:\/\/oppen.edu.pl\/index.php\/wp-json\/wp\/v2\/media?parent=15"}],"curies":[{"name":"wp","href":"https:\/\/api.w.org\/{rel}","templated":true}]}}