{"id":21,"date":"2022-07-15T10:19:19","date_gmt":"2022-07-15T08:19:19","guid":{"rendered":"http:\/\/okdzmbm.cluster030.hosting.ovh.net\/?page_id=21"},"modified":"2022-09-27T07:57:35","modified_gmt":"2022-09-27T05:57:35","slug":"informacje-prawne","status":"publish","type":"page","link":"https:\/\/oppen.edu.pl\/index.php\/informacje-prawne\/","title":{"rendered":"Artyku\u0142y prawne"},"content":{"rendered":"\t\t<div data-elementor-type=\"wp-page\" data-elementor-id=\"21\" class=\"elementor elementor-21\">\n\t\t\t\t\t\t\t\t\t<section class=\"elementor-section elementor-top-section elementor-element elementor-element-e9b76e7 elementor-section-boxed elementor-section-height-default elementor-section-height-default\" data-id=\"e9b76e7\" data-element_type=\"section\">\n\t\t\t\t\t\t<div class=\"elementor-container elementor-column-gap-default\">\n\t\t\t\t\t<div class=\"elementor-column elementor-col-100 elementor-top-column elementor-element elementor-element-73e423a\" data-id=\"73e423a\" data-element_type=\"column\">\n\t\t\t<div class=\"elementor-widget-wrap elementor-element-populated\">\n\t\t\t\t\t\t\t\t<div class=\"elementor-element elementor-element-0cd18d2 elementor-grid-3 elementor-grid-tablet-2 elementor-grid-mobile-1 elementor-posts--thumbnail-top elementor-widget elementor-widget-posts\" data-id=\"0cd18d2\" data-element_type=\"widget\" data-settings=\"{&quot;classic_columns&quot;:&quot;3&quot;,&quot;classic_columns_tablet&quot;:&quot;2&quot;,&quot;classic_columns_mobile&quot;:&quot;1&quot;,&quot;classic_row_gap&quot;:{&quot;unit&quot;:&quot;px&quot;,&quot;size&quot;:35,&quot;sizes&quot;:[]}}\" data-widget_type=\"posts.classic\">\n\t\t\t\t<div class=\"elementor-widget-container\">\n\t\t\t<link rel=\"stylesheet\" href=\"https:\/\/oppen.edu.pl\/wp-content\/plugins\/elementor-pro\/assets\/css\/widget-posts.min.css\">\t\t<div class=\"elementor-posts-container elementor-posts elementor-posts--skin-classic elementor-grid\">\n\t\t\t\t<article class=\"elementor-post elementor-grid-item post-1696 post type-post status-publish format-standard has-post-thumbnail hentry category-aktualnosci category-artykuly-prawne entry has-media\">\n\t\t\t\t<a class=\"elementor-post__thumbnail__link\" href=\"https:\/\/oppen.edu.pl\/index.php\/2026\/04\/01\/p-jak-prawo-prawnik-radzi-cz-2\/\" >\n\t\t\t<div class=\"elementor-post__thumbnail\"><img loading=\"lazy\" decoding=\"async\" width=\"300\" height=\"169\" src=\"https:\/\/oppen.edu.pl\/wp-content\/uploads\/2026\/04\/slajd-wstepny-2026-sepia-\u2014-p-jak-prawo-cz-2-300x169.jpg\" class=\"attachment-medium size-medium\" alt=\"\" srcset=\"https:\/\/oppen.edu.pl\/wp-content\/uploads\/2026\/04\/slajd-wstepny-2026-sepia-\u2014-p-jak-prawo-cz-2-300x169.jpg 300w, https:\/\/oppen.edu.pl\/wp-content\/uploads\/2026\/04\/slajd-wstepny-2026-sepia-\u2014-p-jak-prawo-cz-2-1024x576.jpg 1024w, https:\/\/oppen.edu.pl\/wp-content\/uploads\/2026\/04\/slajd-wstepny-2026-sepia-\u2014-p-jak-prawo-cz-2-768x432.jpg 768w, https:\/\/oppen.edu.pl\/wp-content\/uploads\/2026\/04\/slajd-wstepny-2026-sepia-\u2014-p-jak-prawo-cz-2-800x450.jpg 800w, https:\/\/oppen.edu.pl\/wp-content\/uploads\/2026\/04\/slajd-wstepny-2026-sepia-\u2014-p-jak-prawo-cz-2.jpg 1280w\" sizes=\"auto, (max-width: 300px) 100vw, 300px\" \/><\/div>\n\t\t<\/a>\n\t\t\t\t<div class=\"elementor-post__text\">\n\t\t\t\t<h3 class=\"elementor-post__title\">\n\t\t\t<a href=\"https:\/\/oppen.edu.pl\/index.php\/2026\/04\/01\/p-jak-prawo-prawnik-radzi-cz-2\/\" >\n\t\t\t\tP jak Prawo \u2013 Prawnik radzi cz. 2\t\t\t<\/a>\n\t\t<\/h3>\n\t\t\t\t<div class=\"elementor-post__meta-data\">\n\t\t\t\t\t<span class=\"elementor-post-date\">\n\t\t\t1 kwietnia 2026\t\t<\/span>\n\t\t\t\t<span class=\"elementor-post-avatar\">\n\t\t\tBrak komentarzy\t\t<\/span>\n\t\t\t\t<\/div>\n\t\t\t\t<div class=\"elementor-post__excerpt\">\n\t\t\t<p>Prawnik radzi cz. 2 Pytanie: Otrzyma\u0142em wypowiedzenie dotychczasowej wysoko\u015bci op\u0142aty za u\u017cytkowanie wieczyste. Nie zgadzam<\/p>\n\t\t<\/div>\n\t\t\t\t\t<a class=\"elementor-post__read-more\" href=\"https:\/\/oppen.edu.pl\/index.php\/2026\/04\/01\/p-jak-prawo-prawnik-radzi-cz-2\/\" >\n\t\t\t\tPrzeczytaj wi\u0119cej \u00bb\t\t\t<\/a>\n\t\t\t\t<\/div>\n\t\t\t\t<\/article>\n\t\t\t\t<article class=\"elementor-post elementor-grid-item post-1691 post type-post status-publish format-standard has-post-thumbnail hentry category-aktualnosci category-artykuly-prawne entry has-media\">\n\t\t\t\t<a class=\"elementor-post__thumbnail__link\" href=\"https:\/\/oppen.edu.pl\/index.php\/2026\/02\/13\/p-jak-prawo-prawnik-radzi-cz-1\/\" >\n\t\t\t<div class=\"elementor-post__thumbnail\"><img loading=\"lazy\" decoding=\"async\" width=\"300\" height=\"169\" src=\"https:\/\/oppen.edu.pl\/wp-content\/uploads\/2026\/02\/slajd-wstepny-2026-sepia-\u2014-p-jak-prawo-300x169.jpg\" class=\"attachment-medium size-medium\" alt=\"\" srcset=\"https:\/\/oppen.edu.pl\/wp-content\/uploads\/2026\/02\/slajd-wstepny-2026-sepia-\u2014-p-jak-prawo-300x169.jpg 300w, https:\/\/oppen.edu.pl\/wp-content\/uploads\/2026\/02\/slajd-wstepny-2026-sepia-\u2014-p-jak-prawo-1024x576.jpg 1024w, https:\/\/oppen.edu.pl\/wp-content\/uploads\/2026\/02\/slajd-wstepny-2026-sepia-\u2014-p-jak-prawo-768x432.jpg 768w, https:\/\/oppen.edu.pl\/wp-content\/uploads\/2026\/02\/slajd-wstepny-2026-sepia-\u2014-p-jak-prawo-800x450.jpg 800w, https:\/\/oppen.edu.pl\/wp-content\/uploads\/2026\/02\/slajd-wstepny-2026-sepia-\u2014-p-jak-prawo.jpg 1280w\" sizes=\"auto, (max-width: 300px) 100vw, 300px\" \/><\/div>\n\t\t<\/a>\n\t\t\t\t<div class=\"elementor-post__text\">\n\t\t\t\t<h3 class=\"elementor-post__title\">\n\t\t\t<a href=\"https:\/\/oppen.edu.pl\/index.php\/2026\/02\/13\/p-jak-prawo-prawnik-radzi-cz-1\/\" >\n\t\t\t\tP jak Prawo &#8211; Prawnik radzi cz. 1\t\t\t<\/a>\n\t\t<\/h3>\n\t\t\t\t<div class=\"elementor-post__meta-data\">\n\t\t\t\t\t<span class=\"elementor-post-date\">\n\t\t\t13 lutego 2026\t\t<\/span>\n\t\t\t\t<span class=\"elementor-post-avatar\">\n\t\t\tBrak komentarzy\t\t<\/span>\n\t\t\t\t<\/div>\n\t\t\t\t<div class=\"elementor-post__excerpt\">\n\t\t\t<p>Prawnik radzicz. 1 Pytanie:Pracodawca chce zmniejszy\u0107 wymiar mojego etatu i w tym celu ka\u017ce podpisa\u0107<\/p>\n\t\t<\/div>\n\t\t\t\t\t<a class=\"elementor-post__read-more\" href=\"https:\/\/oppen.edu.pl\/index.php\/2026\/02\/13\/p-jak-prawo-prawnik-radzi-cz-1\/\" >\n\t\t\t\tPrzeczytaj wi\u0119cej \u00bb\t\t\t<\/a>\n\t\t\t\t<\/div>\n\t\t\t\t<\/article>\n\t\t\t\t<article class=\"elementor-post elementor-grid-item post-1497 post type-post status-publish format-standard has-post-thumbnail hentry category-aktualnosci category-artykuly-prawne entry has-media\">\n\t\t\t\t<a class=\"elementor-post__thumbnail__link\" href=\"https:\/\/oppen.edu.pl\/index.php\/2024\/03\/24\/uprawnienia-beneficjentow-w-systemie-npp-npo\/\" >\n\t\t\t<div class=\"elementor-post__thumbnail\"><img loading=\"lazy\" decoding=\"async\" width=\"300\" height=\"169\" src=\"https:\/\/oppen.edu.pl\/wp-content\/uploads\/2024\/03\/24-03-2024-slajd-tyttulowy-300x169.jpg\" class=\"attachment-medium size-medium\" alt=\"\" srcset=\"https:\/\/oppen.edu.pl\/wp-content\/uploads\/2024\/03\/24-03-2024-slajd-tyttulowy-300x169.jpg 300w, https:\/\/oppen.edu.pl\/wp-content\/uploads\/2024\/03\/24-03-2024-slajd-tyttulowy-1024x576.jpg 1024w, https:\/\/oppen.edu.pl\/wp-content\/uploads\/2024\/03\/24-03-2024-slajd-tyttulowy-768x432.jpg 768w, https:\/\/oppen.edu.pl\/wp-content\/uploads\/2024\/03\/24-03-2024-slajd-tyttulowy-800x450.jpg 800w, https:\/\/oppen.edu.pl\/wp-content\/uploads\/2024\/03\/24-03-2024-slajd-tyttulowy.jpg 1280w\" sizes=\"auto, (max-width: 300px) 100vw, 300px\" \/><\/div>\n\t\t<\/a>\n\t\t\t\t<div class=\"elementor-post__text\">\n\t\t\t\t<h3 class=\"elementor-post__title\">\n\t\t\t<a href=\"https:\/\/oppen.edu.pl\/index.php\/2024\/03\/24\/uprawnienia-beneficjentow-w-systemie-npp-npo\/\" >\n\t\t\t\tUprawnienia beneficjent\u00f3w w systemie NPP \/ NPO\t\t\t<\/a>\n\t\t<\/h3>\n\t\t\t\t<div class=\"elementor-post__meta-data\">\n\t\t\t\t\t<span class=\"elementor-post-date\">\n\t\t\t24 marca 2024\t\t<\/span>\n\t\t\t\t<span class=\"elementor-post-avatar\">\n\t\t\tBrak komentarzy\t\t<\/span>\n\t\t\t\t<\/div>\n\t\t\t\t<div class=\"elementor-post__excerpt\">\n\t\t\t<p>Osoba, kt\u00f3ra nie jest w stanie ponie\u015b\u0107 koszt\u00f3w odp\u0142atnej pomocy prawnej, zwana osob\u0105 uprawnion\u0105, W<\/p>\n\t\t<\/div>\n\t\t\t\t\t<a class=\"elementor-post__read-more\" href=\"https:\/\/oppen.edu.pl\/index.php\/2024\/03\/24\/uprawnienia-beneficjentow-w-systemie-npp-npo\/\" >\n\t\t\t\tPrzeczytaj wi\u0119cej \u00bb\t\t\t<\/a>\n\t\t\t\t<\/div>\n\t\t\t\t<\/article>\n\t\t\t\t<article class=\"elementor-post elementor-grid-item post-1493 post type-post status-publish format-standard has-post-thumbnail hentry category-aktualnosci category-artykuly-prawne entry has-media\">\n\t\t\t\t<a class=\"elementor-post__thumbnail__link\" href=\"https:\/\/oppen.edu.pl\/index.php\/2024\/03\/23\/czym-sie-rozni-nieodplatna-pomoc-prawna-od-nieodplatnego-poradnictwa-obywatelskiego\/\" >\n\t\t\t<div class=\"elementor-post__thumbnail\"><img loading=\"lazy\" decoding=\"async\" width=\"300\" height=\"169\" src=\"https:\/\/oppen.edu.pl\/wp-content\/uploads\/2024\/03\/czzym-sie-rozni-npp-od-npo-300x169.jpg\" class=\"attachment-medium size-medium\" alt=\"\" srcset=\"https:\/\/oppen.edu.pl\/wp-content\/uploads\/2024\/03\/czzym-sie-rozni-npp-od-npo-300x169.jpg 300w, https:\/\/oppen.edu.pl\/wp-content\/uploads\/2024\/03\/czzym-sie-rozni-npp-od-npo-1024x576.jpg 1024w, https:\/\/oppen.edu.pl\/wp-content\/uploads\/2024\/03\/czzym-sie-rozni-npp-od-npo-768x432.jpg 768w, https:\/\/oppen.edu.pl\/wp-content\/uploads\/2024\/03\/czzym-sie-rozni-npp-od-npo-800x450.jpg 800w, https:\/\/oppen.edu.pl\/wp-content\/uploads\/2024\/03\/czzym-sie-rozni-npp-od-npo.jpg 1280w\" sizes=\"auto, (max-width: 300px) 100vw, 300px\" \/><\/div>\n\t\t<\/a>\n\t\t\t\t<div class=\"elementor-post__text\">\n\t\t\t\t<h3 class=\"elementor-post__title\">\n\t\t\t<a href=\"https:\/\/oppen.edu.pl\/index.php\/2024\/03\/23\/czym-sie-rozni-nieodplatna-pomoc-prawna-od-nieodplatnego-poradnictwa-obywatelskiego\/\" >\n\t\t\t\tCzym si\u0119 r\u00f3\u017cni nieodp\u0142atna pomoc prawna od nieodp\u0142atnego poradnictwa obywatelskiego?\t\t\t<\/a>\n\t\t<\/h3>\n\t\t\t\t<div class=\"elementor-post__meta-data\">\n\t\t\t\t\t<span class=\"elementor-post-date\">\n\t\t\t23 marca 2024\t\t<\/span>\n\t\t\t\t<span class=\"elementor-post-avatar\">\n\t\t\tBrak komentarzy\t\t<\/span>\n\t\t\t\t<\/div>\n\t\t\t\t<div class=\"elementor-post__excerpt\">\n\t\t\t<p>Czasem osoba uprawniona, czyli taka kt\u00f3ra nie jest w stanie ponie\u015b\u0107 koszt\u00f3w odp\u0142atnej pomocy prawnej,<\/p>\n\t\t<\/div>\n\t\t\t\t\t<a class=\"elementor-post__read-more\" href=\"https:\/\/oppen.edu.pl\/index.php\/2024\/03\/23\/czym-sie-rozni-nieodplatna-pomoc-prawna-od-nieodplatnego-poradnictwa-obywatelskiego\/\" >\n\t\t\t\tPrzeczytaj wi\u0119cej \u00bb\t\t\t<\/a>\n\t\t\t\t<\/div>\n\t\t\t\t<\/article>\n\t\t\t\t<article class=\"elementor-post elementor-grid-item post-1440 post type-post status-publish format-standard has-post-thumbnail hentry category-aktualnosci category-artykuly-prawne entry has-media\">\n\t\t\t\t<a class=\"elementor-post__thumbnail__link\" href=\"https:\/\/oppen.edu.pl\/index.php\/2023\/12\/19\/prace-wzbronione-kobietom-w-ciazy-lub-karmiacym-dziecko-piersia\/\" >\n\t\t\t<div class=\"elementor-post__thumbnail\"><img loading=\"lazy\" decoding=\"async\" width=\"200\" height=\"300\" src=\"https:\/\/oppen.edu.pl\/wp-content\/uploads\/2023\/12\/lucas-favre-Gl4pcGXcuk0-unsplash-200x300.jpg\" class=\"attachment-medium size-medium\" alt=\"Photo by lucas Favre on Unsplash\" srcset=\"https:\/\/oppen.edu.pl\/wp-content\/uploads\/2023\/12\/lucas-favre-Gl4pcGXcuk0-unsplash-200x300.jpg 200w, https:\/\/oppen.edu.pl\/wp-content\/uploads\/2023\/12\/lucas-favre-Gl4pcGXcuk0-unsplash-683x1024.jpg 683w, https:\/\/oppen.edu.pl\/wp-content\/uploads\/2023\/12\/lucas-favre-Gl4pcGXcuk0-unsplash-768x1152.jpg 768w, https:\/\/oppen.edu.pl\/wp-content\/uploads\/2023\/12\/lucas-favre-Gl4pcGXcuk0-unsplash-1024x1536.jpg 1024w, https:\/\/oppen.edu.pl\/wp-content\/uploads\/2023\/12\/lucas-favre-Gl4pcGXcuk0-unsplash-scaled.jpg 1707w\" sizes=\"auto, (max-width: 200px) 100vw, 200px\" \/><\/div>\n\t\t<\/a>\n\t\t\t\t<div class=\"elementor-post__text\">\n\t\t\t\t<h3 class=\"elementor-post__title\">\n\t\t\t<a href=\"https:\/\/oppen.edu.pl\/index.php\/2023\/12\/19\/prace-wzbronione-kobietom-w-ciazy-lub-karmiacym-dziecko-piersia\/\" >\n\t\t\t\tPrace wzbronione kobietom w ci\u0105\u017cy lub karmi\u0105cym dziecko piersi\u0105\t\t\t<\/a>\n\t\t<\/h3>\n\t\t\t\t<div class=\"elementor-post__meta-data\">\n\t\t\t\t\t<span class=\"elementor-post-date\">\n\t\t\t19 grudnia 2023\t\t<\/span>\n\t\t\t\t<span class=\"elementor-post-avatar\">\n\t\t\tBrak komentarzy\t\t<\/span>\n\t\t\t\t<\/div>\n\t\t\t\t<div class=\"elementor-post__excerpt\">\n\t\t\t<p>Kobiety w ci\u0105\u017cy i kobiety karmi\u0105ce dziecko piersi\u0105 nie mog\u0105 wykonywa\u0107 prac uci\u0105\u017cliwych, niebezpiecznych lub<\/p>\n\t\t<\/div>\n\t\t\t\t\t<a class=\"elementor-post__read-more\" href=\"https:\/\/oppen.edu.pl\/index.php\/2023\/12\/19\/prace-wzbronione-kobietom-w-ciazy-lub-karmiacym-dziecko-piersia\/\" >\n\t\t\t\tPrzeczytaj wi\u0119cej \u00bb\t\t\t<\/a>\n\t\t\t\t<\/div>\n\t\t\t\t<\/article>\n\t\t\t\t<article class=\"elementor-post elementor-grid-item post-1394 post type-post status-publish format-standard has-post-thumbnail hentry category-aktualnosci category-artykuly-prawne entry has-media\">\n\t\t\t\t<a class=\"elementor-post__thumbnail__link\" href=\"https:\/\/oppen.edu.pl\/index.php\/2023\/09\/07\/zalozenie-spolki-z-ograniczona-odpowiedzialnoscia-przez-internet\/\" >\n\t\t\t<div class=\"elementor-post__thumbnail\"><img loading=\"lazy\" decoding=\"async\" width=\"1\" height=\"1\" src=\"https:\/\/oppen.edu.pl\/wp-content\/uploads\/2023\/09\/microsoft-edge-1N49Cn7P0Fg-unsplash-1.jpg\" class=\"attachment-medium size-medium\" alt=\"\" \/><\/div>\n\t\t<\/a>\n\t\t\t\t<div class=\"elementor-post__text\">\n\t\t\t\t<h3 class=\"elementor-post__title\">\n\t\t\t<a href=\"https:\/\/oppen.edu.pl\/index.php\/2023\/09\/07\/zalozenie-spolki-z-ograniczona-odpowiedzialnoscia-przez-internet\/\" >\n\t\t\t\tZa\u0142o\u017cenie sp\u00f3\u0142ki z ograniczon\u0105 odpowiedzialno\u015bci\u0105 przez Internet\t\t\t<\/a>\n\t\t<\/h3>\n\t\t\t\t<div class=\"elementor-post__meta-data\">\n\t\t\t\t\t<span class=\"elementor-post-date\">\n\t\t\t7 wrze\u015bnia 2023\t\t<\/span>\n\t\t\t\t<span class=\"elementor-post-avatar\">\n\t\t\tBrak komentarzy\t\t<\/span>\n\t\t\t\t<\/div>\n\t\t\t\t<div class=\"elementor-post__excerpt\">\n\t\t\t<p>Sp\u00f3\u0142k\u0119 z ograniczon\u0105 odpowiedzialno\u015bci\u0105 mo\u017cesz za\u0142o\u017cy\u0107 na dwa sposoby: tradycyjnie &#8211; w formie aktu notarialnego,<\/p>\n\t\t<\/div>\n\t\t\t\t\t<a class=\"elementor-post__read-more\" href=\"https:\/\/oppen.edu.pl\/index.php\/2023\/09\/07\/zalozenie-spolki-z-ograniczona-odpowiedzialnoscia-przez-internet\/\" >\n\t\t\t\tPrzeczytaj wi\u0119cej \u00bb\t\t\t<\/a>\n\t\t\t\t<\/div>\n\t\t\t\t<\/article>\n\t\t\t\t<\/div>\n\t\t\t\t<nav class=\"elementor-pagination\" role=\"navigation\" aria-label=\"Pagination\">\n\t\t\t<span class=\"page-numbers prev\">&laquo; Poprzednie<\/span>\n<span aria-current=\"page\" class=\"page-numbers current\"><span class=\"elementor-screen-only\">Page<\/span>1<\/span>\n<a class=\"page-numbers\" href=\"https:\/\/oppen.edu.pl\/index.php\/wp-json\/wp\/v2\/pages\/21\/page\/2\/\"><span class=\"elementor-screen-only\">Page<\/span>2<\/a>\n<a class=\"page-numbers\" href=\"https:\/\/oppen.edu.pl\/index.php\/wp-json\/wp\/v2\/pages\/21\/page\/3\/\"><span class=\"elementor-screen-only\">Page<\/span>3<\/a>\n<a class=\"page-numbers\" href=\"https:\/\/oppen.edu.pl\/index.php\/wp-json\/wp\/v2\/pages\/21\/page\/4\/\"><span class=\"elementor-screen-only\">Page<\/span>4<\/a>\n<a class=\"page-numbers\" href=\"https:\/\/oppen.edu.pl\/index.php\/wp-json\/wp\/v2\/pages\/21\/page\/5\/\"><span class=\"elementor-screen-only\">Page<\/span>5<\/a>\n<a class=\"page-numbers next\" href=\"https:\/\/oppen.edu.pl\/index.php\/wp-json\/wp\/v2\/pages\/21\/page\/2\/\">Nast\u0119pne &raquo;<\/a>\t\t<\/nav>\n\t\t\t\t<\/div>\n\t\t\t\t<\/div>\n\t\t\t\t\t<\/div>\n\t\t<\/div>\n\t\t\t\t\t\t\t<\/div>\n\t\t<\/section>\n\t\t\t\t\t\t\t<\/div>\n\t\t","protected":false},"excerpt":{"rendered":"","protected":false},"author":1,"featured_media":0,"parent":0,"menu_order":0,"comment_status":"closed","ping_status":"closed","template":"","meta":{"_editorskit_title_hidden":false,"_editorskit_reading_time":0,"_editorskit_is_block_options_detached":false,"_editorskit_block_options_position":"{}","_eb_attr":"","footnotes":""},"class_list":["post-21","page","type-page","status-publish","hentry","entry","has-media"],"_links":{"self":[{"href":"https:\/\/oppen.edu.pl\/index.php\/wp-json\/wp\/v2\/pages\/21","targetHints":{"allow":["GET"]}}],"collection":[{"href":"https:\/\/oppen.edu.pl\/index.php\/wp-json\/wp\/v2\/pages"}],"about":[{"href":"https:\/\/oppen.edu.pl\/index.php\/wp-json\/wp\/v2\/types\/page"}],"author":[{"embeddable":true,"href":"https:\/\/oppen.edu.pl\/index.php\/wp-json\/wp\/v2\/users\/1"}],"replies":[{"embeddable":true,"href":"https:\/\/oppen.edu.pl\/index.php\/wp-json\/wp\/v2\/comments?post=21"}],"version-history":[{"count":29,"href":"https:\/\/oppen.edu.pl\/index.php\/wp-json\/wp\/v2\/pages\/21\/revisions"}],"predecessor-version":[{"id":1064,"href":"https:\/\/oppen.edu.pl\/index.php\/wp-json\/wp\/v2\/pages\/21\/revisions\/1064"}],"wp:attachment":[{"href":"https:\/\/oppen.edu.pl\/index.php\/wp-json\/wp\/v2\/media?parent=21"}],"curies":[{"name":"wp","href":"https:\/\/api.w.org\/{rel}","templated":true}]}}