{"id":22,"date":"2022-07-15T10:19:19","date_gmt":"2022-07-15T08:19:19","guid":{"rendered":"http:\/\/okdzmbm.cluster030.hosting.ovh.net\/?page_id=22"},"modified":"2022-12-05T17:43:08","modified_gmt":"2022-12-05T16:43:08","slug":"poradniki-prawne","status":"publish","type":"page","link":"https:\/\/oppen.edu.pl\/index.php\/poradniki-prawne\/","title":{"rendered":"Poradniki prawne"},"content":{"rendered":"\t\t<div data-elementor-type=\"wp-page\" data-elementor-id=\"22\" class=\"elementor elementor-22\">\n\t\t\t\t\t\t\t\t\t<section class=\"elementor-section elementor-top-section elementor-element elementor-element-e48455b elementor-section-boxed elementor-section-height-default elementor-section-height-default\" data-id=\"e48455b\" data-element_type=\"section\">\n\t\t\t\t\t\t<div class=\"elementor-container elementor-column-gap-default\">\n\t\t\t\t\t<div class=\"elementor-column elementor-col-100 elementor-top-column elementor-element elementor-element-839fe11\" data-id=\"839fe11\" data-element_type=\"column\">\n\t\t\t<div class=\"elementor-widget-wrap elementor-element-populated\">\n\t\t\t\t\t\t\t\t<div class=\"elementor-element elementor-element-ddadb80 elementor-grid-3 elementor-grid-tablet-2 elementor-grid-mobile-1 elementor-posts--thumbnail-top elementor-card-shadow-yes elementor-posts__hover-gradient elementor-widget elementor-widget-posts\" data-id=\"ddadb80\" data-element_type=\"widget\" data-settings=\"{&quot;cards_columns&quot;:&quot;3&quot;,&quot;cards_columns_tablet&quot;:&quot;2&quot;,&quot;cards_columns_mobile&quot;:&quot;1&quot;,&quot;cards_row_gap&quot;:{&quot;unit&quot;:&quot;px&quot;,&quot;size&quot;:35,&quot;sizes&quot;:[]}}\" data-widget_type=\"posts.cards\">\n\t\t\t\t<div class=\"elementor-widget-container\">\n\t\t\t<link rel=\"stylesheet\" href=\"https:\/\/oppen.edu.pl\/wp-content\/plugins\/elementor-pro\/assets\/css\/widget-posts.min.css\">\t\t<div class=\"elementor-posts-container elementor-posts elementor-posts--skin-cards elementor-grid\">\n\t\t\t\t<article class=\"elementor-post elementor-grid-item post-1684 post type-post status-publish format-standard has-post-thumbnail hentry category-aktualnosci category-poradniki-prawne entry has-media\">\n\t\t\t<div class=\"elementor-post__card\">\n\t\t\t\t<a class=\"elementor-post__thumbnail__link\" href=\"https:\/\/oppen.edu.pl\/index.php\/2025\/12\/26\/umowa-o-prace-czym-jest-i-z-czym-ja-mozna-pomylic\/\" >\n\t\t\t<div class=\"elementor-post__thumbnail\"><img loading=\"lazy\" decoding=\"async\" width=\"300\" height=\"213\" src=\"https:\/\/oppen.edu.pl\/wp-content\/uploads\/2025\/12\/ulotka-2-str.-1-300x213.jpg\" class=\"attachment-medium size-medium\" alt=\"ulotka\" srcset=\"https:\/\/oppen.edu.pl\/wp-content\/uploads\/2025\/12\/ulotka-2-str.-1-300x213.jpg 300w, https:\/\/oppen.edu.pl\/wp-content\/uploads\/2025\/12\/ulotka-2-str.-1-1024x726.jpg 1024w, https:\/\/oppen.edu.pl\/wp-content\/uploads\/2025\/12\/ulotka-2-str.-1-768x545.jpg 768w, https:\/\/oppen.edu.pl\/wp-content\/uploads\/2025\/12\/ulotka-2-str.-1-1536x1090.jpg 1536w, https:\/\/oppen.edu.pl\/wp-content\/uploads\/2025\/12\/ulotka-2-str.-1.jpg 2040w\" sizes=\"auto, (max-width: 300px) 100vw, 300px\" \/><\/div>\n\t\t<\/a>\n\t\t\t\t<div class=\"elementor-post__badge\">Aktualno\u015bci<\/div>\n\t\t\t\t<div class=\"elementor-post__text\">\n\t\t\t\t<h3 class=\"elementor-post__title\">\n\t\t\t<a href=\"https:\/\/oppen.edu.pl\/index.php\/2025\/12\/26\/umowa-o-prace-czym-jest-i-z-czym-ja-mozna-pomylic\/\" >\n\t\t\t\tUMOWA O PRAC\u0118 CZYM JEST I Z CZYM J\u0104 MO\u017bNA POMYLI\u0106\t\t\t<\/a>\n\t\t<\/h3>\n\t\t\t\t<div class=\"elementor-post__excerpt\">\n\t\t\t<p>Umowa o prac\u0119 daje stabilizacj\u0119 zatrudnienia i gwarantuje ochron\u0119 pracownicz\u0105. W obrocie prawym funkcjonuj\u0105 tak\u017ce inne rodzaje kontrakt\u00f3w reguluj\u0105cych wsp\u00f3\u0142prac\u0119 zarobkow\u0105. Do tych najwa\u017cniejszych, kt\u00f3re<\/p>\n\t\t<\/div>\n\t\t\t\t\t<a class=\"elementor-post__read-more\" href=\"https:\/\/oppen.edu.pl\/index.php\/2025\/12\/26\/umowa-o-prace-czym-jest-i-z-czym-ja-mozna-pomylic\/\" >\n\t\t\t\tPrzeczytaj wi\u0119cej \u00bb\t\t\t<\/a>\n\t\t\t\t<\/div>\n\t\t\t\t<div class=\"elementor-post__meta-data\">\n\t\t\t\t\t<span class=\"elementor-post-date\">\n\t\t\t26 grudnia 2025\t\t<\/span>\n\t\t\t\t<\/div>\n\t\t\t\t\t<\/div>\n\t\t<\/article>\n\t\t\t\t<article class=\"elementor-post elementor-grid-item post-1680 post type-post status-publish format-standard has-post-thumbnail hentry category-aktualnosci category-poradniki-prawne entry has-media\">\n\t\t\t<div class=\"elementor-post__card\">\n\t\t\t\t<a class=\"elementor-post__thumbnail__link\" href=\"https:\/\/oppen.edu.pl\/index.php\/2025\/12\/18\/zwolniono-mnie-z-pracy-i-co-dalej\/\" >\n\t\t\t<div class=\"elementor-post__thumbnail\"><img loading=\"lazy\" decoding=\"async\" width=\"300\" height=\"220\" src=\"https:\/\/oppen.edu.pl\/wp-content\/uploads\/2025\/12\/ulotka-1-300x220.jpg\" class=\"attachment-medium size-medium\" alt=\"ulotka\" srcset=\"https:\/\/oppen.edu.pl\/wp-content\/uploads\/2025\/12\/ulotka-1-300x220.jpg 300w, https:\/\/oppen.edu.pl\/wp-content\/uploads\/2025\/12\/ulotka-1-1024x752.jpg 1024w, https:\/\/oppen.edu.pl\/wp-content\/uploads\/2025\/12\/ulotka-1-768x564.jpg 768w, https:\/\/oppen.edu.pl\/wp-content\/uploads\/2025\/12\/ulotka-1-1536x1128.jpg 1536w, https:\/\/oppen.edu.pl\/wp-content\/uploads\/2025\/12\/ulotka-1.jpg 1941w\" sizes=\"auto, (max-width: 300px) 100vw, 300px\" \/><\/div>\n\t\t<\/a>\n\t\t\t\t<div class=\"elementor-post__badge\">Aktualno\u015bci<\/div>\n\t\t\t\t<div class=\"elementor-post__text\">\n\t\t\t\t<h3 class=\"elementor-post__title\">\n\t\t\t<a href=\"https:\/\/oppen.edu.pl\/index.php\/2025\/12\/18\/zwolniono-mnie-z-pracy-i-co-dalej\/\" >\n\t\t\t\tZwolniono mnie z pracy i co dalej?\t\t\t<\/a>\n\t\t<\/h3>\n\t\t\t\t<div class=\"elementor-post__excerpt\">\n\t\t\t<p>Zdarzaj\u0105 si\u0119 takie sytuacje, kiedy mniej czy bardziej niespodziewanie, pracodawca sk\u0142ada nam o\u015bwiadczenie o rozwi\u0105zaniu z nami umowy o prac\u0119. Co mo\u017cemy zrobi\u0107, \u017ceby zabezpieczy\u0107<\/p>\n\t\t<\/div>\n\t\t\t\t\t<a class=\"elementor-post__read-more\" href=\"https:\/\/oppen.edu.pl\/index.php\/2025\/12\/18\/zwolniono-mnie-z-pracy-i-co-dalej\/\" >\n\t\t\t\tPrzeczytaj wi\u0119cej \u00bb\t\t\t<\/a>\n\t\t\t\t<\/div>\n\t\t\t\t<div class=\"elementor-post__meta-data\">\n\t\t\t\t\t<span class=\"elementor-post-date\">\n\t\t\t18 grudnia 2025\t\t<\/span>\n\t\t\t\t<\/div>\n\t\t\t\t\t<\/div>\n\t\t<\/article>\n\t\t\t\t<article class=\"elementor-post elementor-grid-item post-1551 post type-post status-publish format-standard has-post-thumbnail hentry category-poradniki-prawne entry has-media\">\n\t\t\t<div class=\"elementor-post__card\">\n\t\t\t\t<a class=\"elementor-post__thumbnail__link\" href=\"https:\/\/oppen.edu.pl\/index.php\/2024\/12\/23\/podatek-od-spadku-kiedy-i-ile-trzeba-zaplacic\/\" >\n\t\t\t<div class=\"elementor-post__thumbnail\"><img loading=\"lazy\" decoding=\"async\" width=\"181\" height=\"300\" src=\"https:\/\/oppen.edu.pl\/wp-content\/uploads\/2023\/12\/podpis-181x300.jpg\" class=\"attachment-medium size-medium\" alt=\"czarnobia\u0142e d\u0142onie\" srcset=\"https:\/\/oppen.edu.pl\/wp-content\/uploads\/2023\/12\/podpis-181x300.jpg 181w, https:\/\/oppen.edu.pl\/wp-content\/uploads\/2023\/12\/podpis.jpg 311w\" sizes=\"auto, (max-width: 181px) 100vw, 181px\" \/><\/div>\n\t\t<\/a>\n\t\t\t\t<div class=\"elementor-post__badge\">Poradniki prawne<\/div>\n\t\t\t\t<div class=\"elementor-post__text\">\n\t\t\t\t<h3 class=\"elementor-post__title\">\n\t\t\t<a href=\"https:\/\/oppen.edu.pl\/index.php\/2024\/12\/23\/podatek-od-spadku-kiedy-i-ile-trzeba-zaplacic\/\" >\n\t\t\t\tPODATEK OD SPADKU &#8211; KIEDY I ILE TRZEBA ZAP\u0141ACI\u0106?\t\t\t<\/a>\n\t\t<\/h3>\n\t\t\t\t<div class=\"elementor-post__excerpt\">\n\t\t\t<p>Zach\u0119camy do zapoznania si\u0119 z tre\u015bci\u0105 poradnika \u201ePODATEK OD SPADKU &#8211; KIEDY I ILE TRZEBA ZAP\u0141ACI\u0106?\u201d. Ten poradnik ma na celu przedstawienie kwestii zwi\u0105zanych z<\/p>\n\t\t<\/div>\n\t\t\t\t\t<a class=\"elementor-post__read-more\" href=\"https:\/\/oppen.edu.pl\/index.php\/2024\/12\/23\/podatek-od-spadku-kiedy-i-ile-trzeba-zaplacic\/\" >\n\t\t\t\tPrzeczytaj wi\u0119cej \u00bb\t\t\t<\/a>\n\t\t\t\t<\/div>\n\t\t\t\t<div class=\"elementor-post__meta-data\">\n\t\t\t\t\t<span class=\"elementor-post-date\">\n\t\t\t23 grudnia 2024\t\t<\/span>\n\t\t\t\t<\/div>\n\t\t\t\t\t<\/div>\n\t\t<\/article>\n\t\t\t\t<\/div>\n\t\t\t\t<nav class=\"elementor-pagination\" role=\"navigation\" aria-label=\"Pagination\">\n\t\t\t<span class=\"page-numbers prev\">&laquo; Poprzednie<\/span>\n<a class=\"page-numbers next\" href=\"https:\/\/oppen.edu.pl\/index.php\/wp-json\/wp\/v2\/pages\/22\/page\/2\/\">Nast\u0119pne &raquo;<\/a>\t\t<\/nav>\n\t\t\t\t<\/div>\n\t\t\t\t<\/div>\n\t\t\t\t\t<\/div>\n\t\t<\/div>\n\t\t\t\t\t\t\t<\/div>\n\t\t<\/section>\n\t\t\t\t\t\t\t<\/div>\n\t\t","protected":false},"excerpt":{"rendered":"","protected":false},"author":1,"featured_media":0,"parent":0,"menu_order":0,"comment_status":"closed","ping_status":"closed","template":"","meta":{"_editorskit_title_hidden":false,"_editorskit_reading_time":0,"_editorskit_is_block_options_detached":false,"_editorskit_block_options_position":"{}","_eb_attr":"","footnotes":""},"class_list":["post-22","page","type-page","status-publish","hentry","entry","has-media"],"_links":{"self":[{"href":"https:\/\/oppen.edu.pl\/index.php\/wp-json\/wp\/v2\/pages\/22","targetHints":{"allow":["GET"]}}],"collection":[{"href":"https:\/\/oppen.edu.pl\/index.php\/wp-json\/wp\/v2\/pages"}],"about":[{"href":"https:\/\/oppen.edu.pl\/index.php\/wp-json\/wp\/v2\/types\/page"}],"author":[{"embeddable":true,"href":"https:\/\/oppen.edu.pl\/index.php\/wp-json\/wp\/v2\/users\/1"}],"replies":[{"embeddable":true,"href":"https:\/\/oppen.edu.pl\/index.php\/wp-json\/wp\/v2\/comments?post=22"}],"version-history":[{"count":22,"href":"https:\/\/oppen.edu.pl\/index.php\/wp-json\/wp\/v2\/pages\/22\/revisions"}],"predecessor-version":[{"id":1175,"href":"https:\/\/oppen.edu.pl\/index.php\/wp-json\/wp\/v2\/pages\/22\/revisions\/1175"}],"wp:attachment":[{"href":"https:\/\/oppen.edu.pl\/index.php\/wp-json\/wp\/v2\/media?parent=22"}],"curies":[{"name":"wp","href":"https:\/\/api.w.org\/{rel}","templated":true}]}}