{"id":472,"date":"2022-07-21T11:28:51","date_gmt":"2022-07-21T09:28:51","guid":{"rendered":"http:\/\/okdzmbm.cluster030.hosting.ovh.net\/?page_id=472"},"modified":"2024-02-28T10:41:56","modified_gmt":"2024-02-28T09:41:56","slug":"miasto-opole","status":"publish","type":"page","link":"https:\/\/oppen.edu.pl\/index.php\/miasto-opole\/","title":{"rendered":"Miasto Opole"},"content":{"rendered":"\t\t<div data-elementor-type=\"wp-page\" data-elementor-id=\"472\" class=\"elementor elementor-472\">\n\t\t\t\t\t\t\t\t\t<section class=\"elementor-section elementor-top-section elementor-element elementor-element-865808a elementor-section-boxed elementor-section-height-default elementor-section-height-default\" data-id=\"865808a\" data-element_type=\"section\">\n\t\t\t\t\t\t<div class=\"elementor-container elementor-column-gap-default\">\n\t\t\t\t\t<div class=\"elementor-column elementor-col-25 elementor-top-column elementor-element elementor-element-6d32efa\" data-id=\"6d32efa\" data-element_type=\"column\">\n\t\t\t<div class=\"elementor-widget-wrap elementor-element-populated\">\n\t\t\t\t\t\t\t\t<div class=\"elementor-element elementor-element-9c022db elementor-widget elementor-widget-image\" data-id=\"9c022db\" data-element_type=\"widget\" data-widget_type=\"image.default\">\n\t\t\t\t<div class=\"elementor-widget-container\">\n\t\t\t<style>\/*! elementor - v3.6.7 - 03-07-2022 *\/\n.elementor-widget-image{text-align:center}.elementor-widget-image a{display:inline-block}.elementor-widget-image a img[src$=\".svg\"]{width:48px}.elementor-widget-image img{vertical-align:middle;display:inline-block}<\/style>\t\t\t\t\t\t\t\t\t\t\t\t<img loading=\"lazy\" decoding=\"async\" width=\"1024\" height=\"384\" src=\"https:\/\/oppen.edu.pl\/wp-content\/uploads\/2022\/07\/logo_opole-1024x384.png\" class=\"attachment-large size-large\" alt=\"\" srcset=\"https:\/\/oppen.edu.pl\/wp-content\/uploads\/2022\/07\/logo_opole-1024x384.png 1024w, https:\/\/oppen.edu.pl\/wp-content\/uploads\/2022\/07\/logo_opole-300x112.png 300w, https:\/\/oppen.edu.pl\/wp-content\/uploads\/2022\/07\/logo_opole-768x288.png 768w, https:\/\/oppen.edu.pl\/wp-content\/uploads\/2022\/07\/logo_opole-1536x575.png 1536w, https:\/\/oppen.edu.pl\/wp-content\/uploads\/2022\/07\/logo_opole-2048x767.png 2048w\" sizes=\"auto, (max-width: 1024px) 100vw, 1024px\" \/>\t\t\t\t\t\t\t\t\t\t\t\t\t\t\t<\/div>\n\t\t\t\t<\/div>\n\t\t\t\t\t<\/div>\n\t\t<\/div>\n\t\t\t\t<div class=\"elementor-column elementor-col-25 elementor-top-column elementor-element elementor-element-baf564a\" data-id=\"baf564a\" data-element_type=\"column\">\n\t\t\t<div class=\"elementor-widget-wrap elementor-element-populated\">\n\t\t\t\t\t\t\t\t<div class=\"elementor-element elementor-element-b08923f elementor-widget elementor-widget-text-editor\" data-id=\"b08923f\" data-element_type=\"widget\" data-widget_type=\"text-editor.default\">\n\t\t\t\t<div class=\"elementor-widget-container\">\n\t\t\t<style>\/*! elementor - v3.6.7 - 03-07-2022 *\/\n.elementor-widget-text-editor.elementor-drop-cap-view-stacked .elementor-drop-cap{background-color:#818a91;color:#fff}.elementor-widget-text-editor.elementor-drop-cap-view-framed .elementor-drop-cap{color:#818a91;border:3px solid;background-color:transparent}.elementor-widget-text-editor:not(.elementor-drop-cap-view-default) .elementor-drop-cap{margin-top:8px}.elementor-widget-text-editor:not(.elementor-drop-cap-view-default) .elementor-drop-cap-letter{width:1em;height:1em}.elementor-widget-text-editor .elementor-drop-cap{float:left;text-align:center;line-height:1;font-size:50px}.elementor-widget-text-editor .elementor-drop-cap-letter{display:inline-block}<\/style>\t\t\t\t<table width=\"645\" cellspacing=\"0\" cellpadding=\"7\"><tbody><tr><td><p align=\"left\"><strong>Miasto Opole <\/strong><strong>&#8211; punkt nieodp\u0142atnej pomocy prawnej\u00a0<br \/><\/strong><strong style=\"font-size: 14px; color: var( --e-global-color-text );\"><br \/><\/strong><strong style=\"font-size: 14px; color: var( --e-global-color-text );\">Dom Dziennego Pobytu &#8222;Z\u0142ota Jesie\u0144&#8221; \u2013 Miejski O\u015brodek Pomocy Rodzinie w Opolu\u00a0<\/strong><strong style=\"font-size: 14px; color: var( --e-global-color-text );\"><br \/><\/strong><\/p><p align=\"left\"><span style=\"color: var( --e-global-color-text ); font-size: 14px;\">&#8211; ul. Majora Hubala 4<\/span><\/p><ul><li><a href=\"https:\/\/www.opole.pl\/dla-mieszkanca\"><b>Odwied\u017a ich tutaj!<\/b><\/a><\/li><\/ul><\/td><\/tr><\/tbody><\/table>\t\t\t\t\t\t<\/div>\n\t\t\t\t<\/div>\n\t\t\t\t<div class=\"elementor-element elementor-element-62737cb ee-table--responsive ee-table-mobile-header--row elementor-widget elementor-widget-table\" data-id=\"62737cb\" data-element_type=\"widget\" data-settings=\"{&quot;mobile_headers_auto&quot;:&quot;yes&quot;}\" data-widget_type=\"table.default\">\n\t\t\t\t<div class=\"elementor-widget-container\">\n\t\t\t\t\t\n\t\t<table class=\"ee-table ee-table--even ee-table--rules\">\n\n\t\t\t\t\t\t<colgroup>\n\t\t\t\t\t\t\t\t<col span=\"1\" class=\"elementor-repeater-item-4e63e70\">\n\t\t\t\t\t\t\t<\/colgroup>\n\t\t<thead>\n\t\t\t<tr class=\"ee-table__row\">\n\n\t\t\t<th class=\"ee-table__cell elementor-repeater-item-c5fe794\">\n\t\t\t\t\t<span class=\"ee-table__text\"><span class=\"ee-table__text__inner\">Dzie\u0144 tygodnia<\/span>\n\n\t\t\t\t\t\t\n\t\t\t\t\t<\/span>\n\t\t\t\t<\/th>\n\n\t\t\t<th class=\"ee-table__cell elementor-repeater-item-d73beee\">\n\t\t\t\t\t<span class=\"ee-table__text\"><span class=\"ee-table__text__inner\">Godzina<\/span>\n\n\t\t\t\t\t\t\n\t\t\t\t\t<\/span>\n\t\t\t\t<\/th>\n\n\t\t\t\t\t\t<\/tr>\n\t\t<\/thead><tbody><tr class=\"ee-table__row elementor-repeater-item-d3b2142\">\n\t\t<td class=\"ee-table__cell elementor-repeater-item-75a3f76\" data-title=\"Dzie\u0144 tygodnia\">\n\t\t\t<span class=\"ee-table__text\"><span class=\"ee-table__text__inner\">Poniedzia\u0142ek<\/span>\n\n\t\t\t<\/span>\n\t\t<\/td><td class=\"ee-table__cell elementor-repeater-item-15ee016\" data-title=\"Godzina\">\n\t\t\t<span class=\"ee-table__text\"><span class=\"ee-table__text__inner\"> 08:00-12:00<\/span>\n\n\t\t\t<\/span>\n\t\t<\/td><\/tr><tr class=\"ee-table__row elementor-repeater-item-ba637c1\">\n\n\t\t<td class=\"ee-table__cell elementor-repeater-item-3edd9e4\" data-title=\"Dzie\u0144 tygodnia\">\n\t\t\t<span class=\"ee-table__text\"><span class=\"ee-table__text__inner\">Wtorek<\/span>\n\n\t\t\t<\/span>\n\t\t<\/td><td class=\"ee-table__cell elementor-repeater-item-c3b75a8\" data-title=\"Godzina\">\n\t\t\t<span class=\"ee-table__text\"><span class=\"ee-table__text__inner\">15:00-19:00<\/span>\n\n\t\t\t<\/span>\n\t\t<\/td><\/tr><tr class=\"ee-table__row elementor-repeater-item-f0b96c9\">\n\n\t\t<td class=\"ee-table__cell elementor-repeater-item-2446528\" data-title=\"Dzie\u0144 tygodnia\">\n\t\t\t<span class=\"ee-table__text\"><span class=\"ee-table__text__inner\">\u015aroda<\/span>\n\n\t\t\t<\/span>\n\t\t<\/td><td class=\"ee-table__cell elementor-repeater-item-bded5ad\" data-title=\"Godzina\">\n\t\t\t<span class=\"ee-table__text\"><span class=\"ee-table__text__inner\">15:00-19:00<\/span>\n\n\t\t\t<\/span>\n\t\t<\/td><\/tr><tr class=\"ee-table__row elementor-repeater-item-4ca0005\">\n\n\t\t<td class=\"ee-table__cell elementor-repeater-item-4a3426f\" data-title=\"Dzie\u0144 tygodnia\">\n\t\t\t<span class=\"ee-table__text\"><span class=\"ee-table__text__inner\">Czwartek<\/span>\n\n\t\t\t<\/span>\n\t\t<\/td><td class=\"ee-table__cell elementor-repeater-item-a132a94\" data-title=\"Godzina\">\n\t\t\t<span class=\"ee-table__text\"><span class=\"ee-table__text__inner\">15:00-19:00<\/span>\n\n\t\t\t<\/span>\n\t\t<\/td><\/tr><tr class=\"ee-table__row elementor-repeater-item-b02afcb\">\n\n\t\t<td class=\"ee-table__cell elementor-repeater-item-58d0de9\" data-title=\"Dzie\u0144 tygodnia\">\n\t\t\t<span class=\"ee-table__text\"><span class=\"ee-table__text__inner\">Pi\u0105tek<\/span>\n\n\t\t\t<\/span>\n\t\t<\/td><td class=\"ee-table__cell elementor-repeater-item-4c6a1b4\" data-title=\"Godzina\">\n\t\t\t<span class=\"ee-table__text\"><span class=\"ee-table__text__inner\">15:00-19:00<\/span>\n\n\t\t\t<\/span>\n\t\t<\/td><\/tr>\n\t\t\t<\/tbody>\n\t\t<\/table>\n\n\t\t\t\t<\/div>\n\t\t\t\t<\/div>\n\t\t\t\t\t<\/div>\n\t\t<\/div>\n\t\t\t\t<div class=\"elementor-column elementor-col-25 elementor-top-column elementor-element elementor-element-12ae225\" data-id=\"12ae225\" data-element_type=\"column\">\n\t\t\t<div class=\"elementor-widget-wrap elementor-element-populated\">\n\t\t\t\t\t\t\t\t<div class=\"elementor-element elementor-element-b19edb6 elementor-widget elementor-widget-text-editor\" data-id=\"b19edb6\" data-element_type=\"widget\" data-widget_type=\"text-editor.default\">\n\t\t\t\t<div class=\"elementor-widget-container\">\n\t\t\t\t\t\t\t<table width=\"645\" cellspacing=\"0\" cellpadding=\"7\"><tbody><tr><td><p><strong style=\"font-size: 14px; color: var( --e-global-color-text );\">Miasto Opole <\/strong><strong style=\"font-size: 14px; color: var( --e-global-color-text );\">&#8211; punkt nieodp\u0142atnego poradnictwa obywatelskiego<\/strong><\/p><p><b>Urz\u0105d Miasta Opola, Centrum Dialogu Obywatelskiego Urz\u0119du Miasta Opola\u00a0<\/b><\/p><p>&#8211; ul. Damrota 1<\/p><ul><li><p><a href=\"https:\/\/www.opole.pl\/dla-mieszkanca\"><b>Odwied\u017a ich tutaj!<\/b><\/a><\/p><\/li><\/ul><\/td><\/tr><\/tbody><\/table>\t\t\t\t\t\t<\/div>\n\t\t\t\t<\/div>\n\t\t\t\t<div class=\"elementor-element elementor-element-eff8f05 ee-table--responsive ee-table-mobile-header--row elementor-widget elementor-widget-table\" data-id=\"eff8f05\" data-element_type=\"widget\" data-settings=\"{&quot;mobile_headers_auto&quot;:&quot;yes&quot;}\" data-widget_type=\"table.default\">\n\t\t\t\t<div class=\"elementor-widget-container\">\n\t\t\t\t\t\n\t\t<table class=\"ee-table ee-table--even ee-table--rules\">\n\n\t\t\t\t\t\t<colgroup>\n\t\t\t\t\t\t\t\t<col span=\"1\" class=\"elementor-repeater-item-4e63e70\">\n\t\t\t\t\t\t\t<\/colgroup>\n\t\t<thead>\n\t\t\t<tr class=\"ee-table__row\">\n\n\t\t\t<th class=\"ee-table__cell elementor-repeater-item-c5fe794\">\n\t\t\t\t\t<span class=\"ee-table__text\"><span class=\"ee-table__text__inner\">Dzie\u0144 tygodnia<\/span>\n\n\t\t\t\t\t\t\n\t\t\t\t\t<\/span>\n\t\t\t\t<\/th>\n\n\t\t\t<th class=\"ee-table__cell elementor-repeater-item-d73beee\">\n\t\t\t\t\t<span class=\"ee-table__text\"><span class=\"ee-table__text__inner\">Godzina<\/span>\n\n\t\t\t\t\t\t\n\t\t\t\t\t<\/span>\n\t\t\t\t<\/th>\n\n\t\t\t\t\t\t<\/tr>\n\t\t<\/thead><tbody><tr class=\"ee-table__row elementor-repeater-item-d3b2142\">\n\t\t<td class=\"ee-table__cell elementor-repeater-item-75a3f76\" data-title=\"Dzie\u0144 tygodnia\">\n\t\t\t<span class=\"ee-table__text\"><span class=\"ee-table__text__inner\">Poniedzia\u0142ek<\/span>\n\n\t\t\t<\/span>\n\t\t<\/td><td class=\"ee-table__cell elementor-repeater-item-15ee016\" data-title=\"Godzina\">\n\t\t\t<span class=\"ee-table__text\"><span class=\"ee-table__text__inner\">14:00-18:00<\/span>\n\n\t\t\t<\/span>\n\t\t<\/td><\/tr><tr class=\"ee-table__row elementor-repeater-item-ba637c1\">\n\n\t\t<td class=\"ee-table__cell elementor-repeater-item-3edd9e4\" data-title=\"Dzie\u0144 tygodnia\">\n\t\t\t<span class=\"ee-table__text\"><span class=\"ee-table__text__inner\">Wtorek<\/span>\n\n\t\t\t<\/span>\n\t\t<\/td><td class=\"ee-table__cell elementor-repeater-item-c3b75a8\" data-title=\"Godzina\">\n\t\t\t<span class=\"ee-table__text\"><span class=\"ee-table__text__inner\">14:00-18:00<\/span>\n\n\t\t\t<\/span>\n\t\t<\/td><\/tr><tr class=\"ee-table__row elementor-repeater-item-f0b96c9\">\n\n\t\t<td class=\"ee-table__cell elementor-repeater-item-2446528\" data-title=\"Dzie\u0144 tygodnia\">\n\t\t\t<span class=\"ee-table__text\"><span class=\"ee-table__text__inner\">\u015aroda<\/span>\n\n\t\t\t<\/span>\n\t\t<\/td><td class=\"ee-table__cell elementor-repeater-item-bded5ad\" data-title=\"Godzina\">\n\t\t\t<span class=\"ee-table__text\"><span class=\"ee-table__text__inner\">14:00-18:00<\/span>\n\n\t\t\t<\/span>\n\t\t<\/td><\/tr><tr class=\"ee-table__row elementor-repeater-item-4ca0005\">\n\n\t\t<td class=\"ee-table__cell elementor-repeater-item-4a3426f\" data-title=\"Dzie\u0144 tygodnia\">\n\t\t\t<span class=\"ee-table__text\"><span class=\"ee-table__text__inner\">Czwartek<\/span>\n\n\t\t\t<\/span>\n\t\t<\/td><td class=\"ee-table__cell elementor-repeater-item-a132a94\" data-title=\"Godzina\">\n\t\t\t<span class=\"ee-table__text\"><span class=\"ee-table__text__inner\">14:00-18:00<\/span>\n\n\t\t\t<\/span>\n\t\t<\/td><\/tr><tr class=\"ee-table__row elementor-repeater-item-b02afcb\">\n\n\t\t<td class=\"ee-table__cell elementor-repeater-item-58d0de9\" data-title=\"Dzie\u0144 tygodnia\">\n\t\t\t<span class=\"ee-table__text\"><span class=\"ee-table__text__inner\">Pi\u0105tek<\/span>\n\n\t\t\t<\/span>\n\t\t<\/td><td class=\"ee-table__cell elementor-repeater-item-4c6a1b4\" data-title=\"Godzina\">\n\t\t\t<span class=\"ee-table__text\"><span class=\"ee-table__text__inner\">14:00-18:00<\/span>\n\n\t\t\t<\/span>\n\t\t<\/td><\/tr>\n\t\t\t<\/tbody>\n\t\t<\/table>\n\n\t\t\t\t<\/div>\n\t\t\t\t<\/div>\n\t\t\t\t\t<\/div>\n\t\t<\/div>\n\t\t\t\t<div class=\"elementor-column elementor-col-25 elementor-top-column elementor-element elementor-element-9637068\" data-id=\"9637068\" data-element_type=\"column\">\n\t\t\t<div class=\"elementor-widget-wrap\">\n\t\t\t\t\t\t\t\t\t<\/div>\n\t\t<\/div>\n\t\t\t\t\t\t\t<\/div>\n\t\t<\/section>\n\t\t\t\t<section class=\"elementor-section elementor-top-section elementor-element elementor-element-d032754 elementor-section-boxed elementor-section-height-default elementor-section-height-default\" data-id=\"d032754\" data-element_type=\"section\">\n\t\t\t\t\t\t<div class=\"elementor-container elementor-column-gap-default\">\n\t\t\t\t\t<div class=\"elementor-column elementor-col-100 elementor-top-column elementor-element elementor-element-f1447c3\" data-id=\"f1447c3\" data-element_type=\"column\">\n\t\t\t<div class=\"elementor-widget-wrap elementor-element-populated\">\n\t\t\t\t\t\t\t\t<div class=\"elementor-element elementor-element-2bd43c1 elementor-widget elementor-widget-google_maps\" data-id=\"2bd43c1\" data-element_type=\"widget\" data-widget_type=\"google_maps.default\">\n\t\t\t\t<div class=\"elementor-widget-container\">\n\t\t\t<style>\/*! elementor - v3.6.7 - 03-07-2022 *\/\n.elementor-widget-google_maps .elementor-widget-container{overflow:hidden}.elementor-widget-google_maps iframe{height:300px}<\/style>\t\t<div class=\"elementor-custom-embed\">\n\t\t\t<iframe frameborder=\"0\" scrolling=\"no\" marginheight=\"0\" marginwidth=\"0\"\n\t\t\t\t\tsrc=\"https:\/\/maps.google.com\/maps?q=Damrota%201%2C%20Opole&#038;t=m&#038;z=15&#038;output=embed&#038;iwloc=near\"\n\t\t\t\t\ttitle=\"Damrota 1, Opole\"\n\t\t\t\t\taria-label=\"Damrota 1, Opole\"\n\t\t\t><\/iframe>\n\t\t<\/div>\n\t\t\t\t<\/div>\n\t\t\t\t<\/div>\n\t\t\t\t\t<\/div>\n\t\t<\/div>\n\t\t\t\t\t\t\t<\/div>\n\t\t<\/section>\n\t\t\t\t\t\t\t<\/div>\n\t\t","protected":false},"excerpt":{"rendered":"<p>Miasto Opole &#8211; punkt nieodp\u0142atnej pomocy prawnej\u00a0Dom Dziennego Pobytu &#8222;Z\u0142ota Jesie\u0144&#8221; \u2013 Miejski O\u015brodek Pomocy Rodzinie w Opolu\u00a0 &#8211; ul. Majora Hubala 4 Odwied\u017a ich tutaj! Dzie\u0144 tygodnia Godzina Poniedzia\u0142ek 08:00-12:00 Wtorek 15:00-19:00 \u015aroda 15:00-19:00 Czwartek 15:00-19:00 Pi\u0105tek 15:00-19:00 Miasto Opole &#8211; punkt nieodp\u0142atnego poradnictwa obywatelskiego Urz\u0105d Miasta Opola, Centrum Dialogu Obywatelskiego Urz\u0119du Miasta Opola\u00a0 [&hellip;]<\/p>\n","protected":false},"author":1,"featured_media":484,"parent":0,"menu_order":0,"comment_status":"closed","ping_status":"closed","template":"","meta":{"_editorskit_title_hidden":false,"_editorskit_reading_time":0,"_editorskit_is_block_options_detached":false,"_editorskit_block_options_position":"{}","_eb_attr":"","footnotes":""},"class_list":["post-472","page","type-page","status-publish","has-post-thumbnail","hentry","entry","has-media"],"_links":{"self":[{"href":"https:\/\/oppen.edu.pl\/index.php\/wp-json\/wp\/v2\/pages\/472","targetHints":{"allow":["GET"]}}],"collection":[{"href":"https:\/\/oppen.edu.pl\/index.php\/wp-json\/wp\/v2\/pages"}],"about":[{"href":"https:\/\/oppen.edu.pl\/index.php\/wp-json\/wp\/v2\/types\/page"}],"author":[{"embeddable":true,"href":"https:\/\/oppen.edu.pl\/index.php\/wp-json\/wp\/v2\/users\/1"}],"replies":[{"embeddable":true,"href":"https:\/\/oppen.edu.pl\/index.php\/wp-json\/wp\/v2\/comments?post=472"}],"version-history":[{"count":70,"href":"https:\/\/oppen.edu.pl\/index.php\/wp-json\/wp\/v2\/pages\/472\/revisions"}],"predecessor-version":[{"id":1469,"href":"https:\/\/oppen.edu.pl\/index.php\/wp-json\/wp\/v2\/pages\/472\/revisions\/1469"}],"wp:featuredmedia":[{"embeddable":true,"href":"https:\/\/oppen.edu.pl\/index.php\/wp-json\/wp\/v2\/media\/484"}],"wp:attachment":[{"href":"https:\/\/oppen.edu.pl\/index.php\/wp-json\/wp\/v2\/media?parent=472"}],"curies":[{"name":"wp","href":"https:\/\/api.w.org\/{rel}","templated":true}]}}